{"id":18,"date":"2026-02-04T11:01:46","date_gmt":"2026-02-04T11:01:46","guid":{"rendered":"http:\/\/gclqzsm.cluster129.hosting.ovh.net\/?page_id=18"},"modified":"2026-02-21T21:59:46","modified_gmt":"2026-02-21T21:59:46","slug":"mentions-legales","status":"publish","type":"page","link":"https:\/\/chal-elsa-psychologue.fr\/index.php\/mentions-legales\/","title":{"rendered":"Mentions l\u00e9gales"},"content":{"rendered":"\t\t<div data-elementor-type=\"wp-page\" data-elementor-id=\"18\" class=\"elementor elementor-18\">\n\t\t\t\t<div class=\"elementor-element elementor-element-71aaf67 e-flex e-con-boxed e-con e-parent\" data-id=\"71aaf67\" data-element_type=\"container\" data-e-type=\"container\">\n\t\t\t\t\t<div class=\"e-con-inner\">\n\t\t\t\t<div class=\"elementor-element elementor-element-ba3dc5e elementor-widget__width-initial elementor-widget elementor-widget-text-editor\" data-id=\"ba3dc5e\" data-element_type=\"widget\" data-e-type=\"widget\" data-widget_type=\"text-editor.default\">\n\t\t\t\t\t\t\t\t\t<p><span style=\"font-size: 22px;\"><span style=\"font-family: 'times new roman', times;\"><a href=\"http:\/\/chal-elsa-psychologue.fr\">Accueil\u00a0 \u00a0 \u00a0 \u00a0<\/a>\u00a0<\/span><\/span><\/p>\t\t\t\t\t\t\t\t<\/div>\n\t\t\t\t\t<\/div>\n\t\t\t\t<\/div>\n\t\t<div class=\"elementor-element elementor-element-e262731 e-flex e-con-boxed e-con e-parent\" data-id=\"e262731\" data-element_type=\"container\" data-e-type=\"container\">\n\t\t\t\t\t<div class=\"e-con-inner\">\n\t\t\t\t<div class=\"elementor-element elementor-element-1395187 elementor-widget elementor-widget-text-editor\" data-id=\"1395187\" data-element_type=\"widget\" data-e-type=\"widget\" data-widget_type=\"text-editor.default\">\n\t\t\t\t\t\t\t\t\t<p><span style=\"font-size: 41px; font-family: 'times new roman', times;\">MENTIONS LEGALES<\/span><\/p><p><span style=\"font-size: 41px;\">\u00a0<\/span><\/p><p><strong>Responsable du site<\/strong> : Elsa CHAL<\/p><p>Psychologue et Psychoth\u00e9rapeute<\/p><p>Num\u00e9ro ADELI 389316290<\/p><p>451, rue G\u00e9n\u00e9ral De Gaulle<\/p><p>383330 Montbonnot Saint Martin<\/p><p>t\u00e9l\u00e9phone : 06.12.41.74.44<\/p><p><strong>Collecte de donn\u00e9es :\u00a0<\/strong><\/p><p>Ce site ne collecte aucune donn\u00e9e personnelle de ses visiteurs.<\/p><p><strong>Cookies et outils de suivi :<\/strong><\/p><p>Ce site n&#8217;utilise aucun cookie ou outil de suivi \u00e0 des fins de collecte de donn\u00e9es personnelles.\u00a0<\/p><p><strong>S\u00e9curit\u00e9 :\u00a0<\/strong><\/p><p>Aucune donn\u00e9e personnelle n&#8217;\u00e9tant collect\u00e9e, aucune mesure suppl\u00e9mentaire de protection n&#8217;est n\u00e9cessaire.<\/p><p><strong>Contact :\u00a0<\/strong><\/p><p>Pour toute question, vous pouvez me contacter aux coordonn\u00e9es ci-dessus.<\/p><p><strong>Propri\u00e9t\u00e9 intellectuelle : <\/strong><\/p><p>En application de l\u2019article L.111-1 du Code de la propri\u00e9t\u00e9 intellectuelle, \u00ab l\u2019auteur d\u2019une \u0153uvre de l\u2019esprit jouit sur cette \u0153uvre, du seul fait de sa cr\u00e9ation, d\u2019un droit de propri\u00e9t\u00e9 incorporelle exclusif et opposable \u00e0 tous \u00bb.<\/p><p>Ainsi, toute repr\u00e9sentation totale ou partielle de ce site par quelque proc\u00e9d\u00e9 que ce soit, sans l&#8217;autorisation expresse de l&#8217;administrateur est interdite et constituerait une contrefa\u00e7on sanctionn\u00e9e par les article L 335-2 et suivants du Code de la propri\u00e9t\u00e9 intellectuelle.<\/p><p>H\u00e9bergement<br \/>WordPress<br \/>Automattic Inc.<br \/>60 29th Street #343<br \/>San Francisco, CA 94110<br \/>\u00c9tats-Unis d\u2019Am\u00e9rique<\/p>\t\t\t\t\t\t\t\t<\/div>\n\t\t\t\t\t<\/div>\n\t\t\t\t<\/div>\n\t\t<div class=\"elementor-element elementor-element-e795879 e-flex e-con-boxed e-con e-parent\" data-id=\"e795879\" data-element_type=\"container\" data-e-type=\"container\">\n\t\t\t\t\t<div class=\"e-con-inner\">\n\t\t\t\t<div class=\"elementor-element elementor-element-295be2f elementor-widget elementor-widget-wp-widget-pages\" data-id=\"295be2f\" data-element_type=\"widget\" data-e-type=\"widget\" data-widget_type=\"wp-widget-pages.default\">\n\t\t\t\t<div class=\"elementor-widget-container\">\n\t\t\t\t\t<h5>Pages<\/h5><nav aria-label=\"Pages\">\n\t\t\t<ul>\n\t\t\t\t<li class=\"page_item page-item-12\"><a href=\"https:\/\/chal-elsa-psychologue.fr\/\">Accueil<\/a><\/li>\n<li class=\"page_item page-item-18\"><a href=\"https:\/\/chal-elsa-psychologue.fr\/index.php\/mentions-legales\/\">Mentions l\u00e9gales<\/a><\/li>\n<li class=\"page_item page-item-16\"><a href=\"https:\/\/chal-elsa-psychologue.fr\/index.php\/psychologie-perinatale\/\">Psychologie p\u00e9rinatale<\/a><\/li>\n\t\t\t<\/ul>\n\n\t\t\t<\/nav>\t\t\t\t<\/div>\n\t\t\t\t<\/div>\n\t\t\t\t\t<\/div>\n\t\t\t\t<\/div>\n\t\t<div class=\"elementor-element elementor-element-3153899 e-flex e-con-boxed e-con e-parent\" data-id=\"3153899\" data-element_type=\"container\" data-e-type=\"container\">\n\t\t\t\t\t<div class=\"e-con-inner\">\n\t\t\t\t\t<\/div>\n\t\t\t\t<\/div>\n\t\t\t\t<\/div>\n\t\t","protected":false},"excerpt":{"rendered":"<p>Accueil\u00a0 \u00a0 \u00a0 \u00a0\u00a0 MENTIONS LEGALES \u00a0 Responsable du site : Elsa CHAL Psychologue et Psychoth\u00e9rapeute Num\u00e9ro ADELI 389316290 451, rue G\u00e9n\u00e9ral De Gaulle 383330 Montbonnot Saint Martin t\u00e9l\u00e9phone : 06.12.41.74.44 Collecte de donn\u00e9es :\u00a0 Ce site ne collecte aucune donn\u00e9e personnelle de ses visiteurs. Cookies et outils de suivi : Ce site n&#8217;utilise aucun [&hellip;]<\/p>\n","protected":false},"author":1,"featured_media":0,"parent":0,"menu_order":0,"comment_status":"closed","ping_status":"closed","template":"","meta":{"footnotes":""},"class_list":["post-18","page","type-page","status-publish","hentry"],"_links":{"self":[{"href":"https:\/\/chal-elsa-psychologue.fr\/index.php\/wp-json\/wp\/v2\/pages\/18","targetHints":{"allow":["GET"]}}],"collection":[{"href":"https:\/\/chal-elsa-psychologue.fr\/index.php\/wp-json\/wp\/v2\/pages"}],"about":[{"href":"https:\/\/chal-elsa-psychologue.fr\/index.php\/wp-json\/wp\/v2\/types\/page"}],"author":[{"embeddable":true,"href":"https:\/\/chal-elsa-psychologue.fr\/index.php\/wp-json\/wp\/v2\/users\/1"}],"replies":[{"embeddable":true,"href":"https:\/\/chal-elsa-psychologue.fr\/index.php\/wp-json\/wp\/v2\/comments?post=18"}],"version-history":[{"count":35,"href":"https:\/\/chal-elsa-psychologue.fr\/index.php\/wp-json\/wp\/v2\/pages\/18\/revisions"}],"predecessor-version":[{"id":165,"href":"https:\/\/chal-elsa-psychologue.fr\/index.php\/wp-json\/wp\/v2\/pages\/18\/revisions\/165"}],"wp:attachment":[{"href":"https:\/\/chal-elsa-psychologue.fr\/index.php\/wp-json\/wp\/v2\/media?parent=18"}],"curies":[{"name":"wp","href":"https:\/\/api.w.org\/{rel}","templated":true}]}}