{"id":16,"date":"2026-02-04T11:00:55","date_gmt":"2026-02-04T11:00:55","guid":{"rendered":"http:\/\/gclqzsm.cluster129.hosting.ovh.net\/?page_id=16"},"modified":"2026-02-22T13:28:56","modified_gmt":"2026-02-22T13:28:56","slug":"psychologie-perinatale","status":"publish","type":"page","link":"https:\/\/chal-elsa-psychologue.fr\/index.php\/psychologie-perinatale\/","title":{"rendered":"Psychologie p\u00e9rinatale"},"content":{"rendered":"\t\t<div data-elementor-type=\"wp-page\" data-elementor-id=\"16\" class=\"elementor elementor-16\">\n\t\t\t\t<div class=\"elementor-element elementor-element-0481bf4 e-flex e-con-boxed e-con e-parent\" data-id=\"0481bf4\" data-element_type=\"container\" data-e-type=\"container\">\n\t\t\t\t\t<div class=\"e-con-inner\">\n\t\t\t\t<div class=\"elementor-element elementor-element-ddb7f88 elementor-widget elementor-widget-text-editor\" data-id=\"ddb7f88\" data-element_type=\"widget\" data-e-type=\"widget\" data-widget_type=\"text-editor.default\">\n\t\t\t\t\t\t\t\t\t<p><span style=\"font-size: 22px;\"><span style=\"font-family: 'times new roman', times;\"><a href=\"http:\/\/chal-elsa-psychologue.fr\">Accueil\u00a0 \u00a0 \u00a0 \u00a0<\/a>\u00a0<\/span><\/span><\/p>\t\t\t\t\t\t\t\t<\/div>\n\t\t\t\t\t<\/div>\n\t\t\t\t<\/div>\n\t\t<div class=\"elementor-element elementor-element-e862a51 e-flex e-con-boxed e-con e-parent\" data-id=\"e862a51\" data-element_type=\"container\" data-e-type=\"container\">\n\t\t\t\t\t<div class=\"e-con-inner\">\n\t\t\t\t<div class=\"elementor-element elementor-element-3593976 elementor-widget elementor-widget-text-editor\" data-id=\"3593976\" data-element_type=\"widget\" data-e-type=\"widget\" data-widget_type=\"text-editor.default\">\n\t\t\t\t\t\t\t\t\t<p><span style=\"font-size: 41px; font-family: 'times new roman', times;\">PSYCHOLOGIE PERINATALE<\/span><\/p><p><em>La perspective d\u2019une grossesse, un d\u00e9sir d\u2019enfant, une naissance : ce sont des projets\/\u00e9v\u00e8nements forts et marquants, souvent source de joie pour les (futurs) parents, mais aussi parfois de doutes, d\u2019inqui\u00e9tudes, de stress.<\/em><\/p><p><em>Les parcours peuvent \u00eatre sem\u00e9s d\u2019emb\u00fbches, autant d\u2019occasions de fragiliser les parents, les couples, les familles.<\/em><\/p>\t\t\t\t\t\t\t\t<\/div>\n\t\t\t\t\t<\/div>\n\t\t\t\t<\/div>\n\t\t<div class=\"elementor-element elementor-element-a57605d e-flex e-con-boxed e-con e-parent\" data-id=\"a57605d\" data-element_type=\"container\" data-e-type=\"container\">\n\t\t\t\t\t<div class=\"e-con-inner\">\n\t\t\t\t<div class=\"elementor-element elementor-element-1813631 elementor-widget elementor-widget-text-editor\" data-id=\"1813631\" data-element_type=\"widget\" data-e-type=\"widget\" data-widget_type=\"text-editor.default\">\n\t\t\t\t\t\t\t\t\t<p>J\u2019accompagne les femmes, les hommes ou les couples, qui rencontrent \u00e0 un moment donn\u00e9 une<\/p><p>\u00a0difficult\u00e9 particuli\u00e8re li\u00e9e \u00e0 cette question de la parentalit\u00e9, de la p\u00e9rinatalit\u00e9, que ce soit en amont ou en aval du projet de naissance : parcours PMA, interruptions de grossesses, deuils p\u00e9rinataux, anxi\u00e9t\u00e9 li\u00e9e \u00e0 la grossesse, d\u00e9pression<\/p><p>\u00a0du post-partum, difficult\u00e9s dans le lien avec le b\u00e9b\u00e9, entre autres.<\/p><p><a href=\"https:\/\/lisebartoli.com\/hypnonatal\/hypnose-et-naissance\/\" target=\"_blank\" rel=\"noopener\">M\u00e9thode Hypnon<\/a><a href=\"https:\/\/lisebartoli.com\/hypnonatal\/hypnose-et-naissance\/\" target=\"_blank\" rel=\"noopener\">atale<\/a><a href=\"https:\/\/lisebartoli.com\/hypnonatal\/hypnose-et-naissance\/\" target=\"_blank\" rel=\"noopener\">\u00ae<\/a><\/p><p><span style=\"font-size: 1rem;\">Je propose \u00e9galement un parcours sp\u00e9cifiqu<\/span><span style=\"font-size: 1rem;\">e de<\/span><\/p><p><span style=\"font-size: 1rem;\">consultations pour la grossesse et le post-partum, bas\u00e9 sur la m\u00e9thode Hypnonatal\u00ae de Lise Bartoli.<\/span><\/p><p><a href=\"https:\/\/lisebartoli.com\/hypnonatal\/hypnose-et-naissance\/\" target=\"_blank\" rel=\"noopener\"><img decoding=\"async\" class=\"aligncenter wp-image-251\" src=\"https:\/\/chal-elsa-psychologue.fr\/wp-content\/uploads\/2026\/02\/Logo-hypnonatal-1.jpg\" alt=\"\" width=\"114\" height=\"144\" \/><\/a><\/p><p>Il s&#8217;agit de 4 \u00e0 5 consultations d\u20191h20 \u00e0 partir du 4\u00e8me mois de grossesse, construites autour de s\u00e9ances de relaxation et de visualisation adapt\u00e9es aux th\u00e9matiques p\u00e9rinatales.<\/p><p>La future maman apprend \u00e0 se faire confiance, \u00e0 identifier ses propres ressources internes afin de les mobiliser de mani\u00e8re autonome tout au long de la grossesse et d&#8217;appr\u00e9hender de mani\u00e8re positive le jour de l&#8217;accouchement. Parall\u00e8lement, elle \u00e9prouve une connexion grandissante avec son b\u00e9b\u00e9, pour davantage de confiance et d&#8217;\u00e9coute mutuelle.<\/p><p>Ainsi, chaque femme enceinte se retrouve au centre de son propre processus de grossesse, \u00e0 la rencontre de sa fa\u00e7on unique et personnelle d&#8217;accompagner le d\u00e9veloppement et la naissance de son b\u00e9b\u00e9.<\/p><p>Les papas sont \u00e9galement les bienvenus pour partager ces s\u00e9ances.<\/p><p><strong>J&#8217;insiste sur le fait que cette m\u00e9thode est non m\u00e9dicale, elle ne se substitue pas \u00e0 une pr\u00e9paration \u00e0 la naissance avec une sage-femme et \u00e0 un suivi obst\u00e9trical, qui restent absolument indispensables.<\/strong><\/p>\t\t\t\t\t\t\t\t<\/div>\n\t\t\t\t\t<\/div>\n\t\t\t\t<\/div>\n\t\t\t\t<\/div>\n\t\t","protected":false},"excerpt":{"rendered":"<p>Accueil\u00a0 \u00a0 \u00a0 \u00a0\u00a0 PSYCHOLOGIE PERINATALE La perspective d\u2019une grossesse, un d\u00e9sir d\u2019enfant, une naissance : ce sont des projets\/\u00e9v\u00e8nements forts et marquants, souvent source de joie pour les (futurs) parents, mais aussi parfois de doutes, d\u2019inqui\u00e9tudes, de stress. Les parcours peuvent \u00eatre sem\u00e9s d\u2019emb\u00fbches, autant d\u2019occasions de fragiliser les parents, les couples, les familles. [&hellip;]<\/p>\n","protected":false},"author":1,"featured_media":0,"parent":0,"menu_order":0,"comment_status":"closed","ping_status":"closed","template":"","meta":{"footnotes":""},"class_list":["post-16","page","type-page","status-publish","hentry"],"_links":{"self":[{"href":"https:\/\/chal-elsa-psychologue.fr\/index.php\/wp-json\/wp\/v2\/pages\/16","targetHints":{"allow":["GET"]}}],"collection":[{"href":"https:\/\/chal-elsa-psychologue.fr\/index.php\/wp-json\/wp\/v2\/pages"}],"about":[{"href":"https:\/\/chal-elsa-psychologue.fr\/index.php\/wp-json\/wp\/v2\/types\/page"}],"author":[{"embeddable":true,"href":"https:\/\/chal-elsa-psychologue.fr\/index.php\/wp-json\/wp\/v2\/users\/1"}],"replies":[{"embeddable":true,"href":"https:\/\/chal-elsa-psychologue.fr\/index.php\/wp-json\/wp\/v2\/comments?post=16"}],"version-history":[{"count":28,"href":"https:\/\/chal-elsa-psychologue.fr\/index.php\/wp-json\/wp\/v2\/pages\/16\/revisions"}],"predecessor-version":[{"id":254,"href":"https:\/\/chal-elsa-psychologue.fr\/index.php\/wp-json\/wp\/v2\/pages\/16\/revisions\/254"}],"wp:attachment":[{"href":"https:\/\/chal-elsa-psychologue.fr\/index.php\/wp-json\/wp\/v2\/media?parent=16"}],"curies":[{"name":"wp","href":"https:\/\/api.w.org\/{rel}","templated":true}]}}